{"id":1025,"date":"2023-03-28T18:38:00","date_gmt":"2023-03-28T17:38:00","guid":{"rendered":"https:\/\/lukrowaneciasteczko.pl\/?post_type=product&#038;p=1025"},"modified":"2023-05-02T09:54:54","modified_gmt":"2023-05-02T08:54:54","slug":"kurczaczek-wielkanocny","status":"publish","type":"product","link":"https:\/\/lukrowaneciasteczko.pl\/index.php\/produkt\/kurczaczek-wielkanocny\/","title":{"rendered":"Kurczaczek wielkanocny"},"content":{"rendered":"<p class=\"thin-font lead\" data-line-height=\"l\">Ciasteczko kurczaczek z mo\u017cliwo\u015bci\u0105 wpisania imienia.<\/p>\n<p data-line-height=\"l\">Ciasteczko ma\u015blane w kszta\u0142cie kurczaczka, z mo\u017cliwo\u015bci\u0105 wpisania dowolnego &#8211; kr\u00f3tkiego tekstu.<br \/>\nWszystkie ciasteczka zdobione s\u0105 r\u0119cznie lukrem kr\u00f3lewskim.<br \/>\nWielko\u015b\u0107 ciasteczka: oko\u0142o 10cm x 9cm<br \/>\nZapakowane w woreczek foliowy z podw\u00f3jn\u0105 kokard\u0105 ze wst\u0105\u017cki.<\/p>\n<p data-line-height=\"l\"><span style=\"text-decoration: underline;\"><strong>Termin realizacji: 1-2 dni robocze<br \/>\n<\/strong><\/span><\/p>\n<p data-line-height=\"xs\"><span style=\"font-size: 75%;\">Sk\u0142ad ciasteczka ma\u015blanego: m\u0105ka pszenna, mas\u0142o, cukier, ekstrakt z wanilii, s\u00f3l, proszek do pieczenia.<br \/>\nSk\u0142ad pierniczka: m\u0105ka pszenna, mi\u00f3d, mas\u0142o, cukier, przyprawa do piernika, soda oczyszczona.<br \/>\nSk\u0142ad ciasteczka miodowego: m\u0105ka pszenna, mi\u00f3d, mas\u0142o, cukier, soda oczyszczona.<br \/>\n<\/span><span style=\"font-size: 75%;\">Sk\u0142ad lukru kr\u00f3lewskiego: cukier, pasteryzowane bia\u0142ka jaj kurzych, winian potasu, syrop kukurydziany, barwniki.<\/span><\/p>\n","protected":false},"excerpt":{"rendered":"<p>Ciasteczko kurczaczek z mo\u017cliwo\u015bci\u0105 wpisania imienia. Ciasteczko ma\u015blane w kszta\u0142cie kurczaczka, z mo\u017cliwo\u015bci\u0105 wpisania dowolnego &#8211; kr\u00f3tkiego tekstu. Wszystkie ciasteczka zdobione s\u0105 r\u0119cznie lukrem kr\u00f3lewskim. Wielko\u015b\u0107 ciasteczka: oko\u0142o 10cm x 9cm Zapakowane w woreczek foliowy z podw\u00f3jn\u0105 kokard\u0105 ze wst\u0105\u017cki. Termin realizacji: 1-2 dni robocze Sk\u0142ad ciasteczka ma\u015blanego: m\u0105ka pszenna, mas\u0142o, cukier, ekstrakt z wanilii, [&#8230;]\n","protected":false},"featured_media":1020,"template":"","meta":[],"product_brand":[],"product_cat":[16,17,41],"product_tag":[37,48],"class_list":{"0":"post-1025","1":"product","2":"type-product","3":"status-publish","4":"has-post-thumbnail","6":"product_cat-ciastka","7":"product_cat-ciastka-maslane","8":"product_cat-wielkanoc","9":"product_tag-ciastka","10":"product_tag-zakonczenie-roku","11":"wcpa_has_options","13":"first","14":"outofstock","15":"shipping-taxable","16":"purchasable","17":"product-type-simple"},"jetpack_sharing_enabled":true,"_links":{"self":[{"href":"https:\/\/lukrowaneciasteczko.pl\/index.php\/wp-json\/wp\/v2\/product\/1025","targetHints":{"allow":["GET"]}}],"collection":[{"href":"https:\/\/lukrowaneciasteczko.pl\/index.php\/wp-json\/wp\/v2\/product"}],"about":[{"href":"https:\/\/lukrowaneciasteczko.pl\/index.php\/wp-json\/wp\/v2\/types\/product"}],"wp:featuredmedia":[{"embeddable":true,"href":"https:\/\/lukrowaneciasteczko.pl\/index.php\/wp-json\/wp\/v2\/media\/1020"}],"wp:attachment":[{"href":"https:\/\/lukrowaneciasteczko.pl\/index.php\/wp-json\/wp\/v2\/media?parent=1025"}],"wp:term":[{"taxonomy":"product_brand","embeddable":true,"href":"https:\/\/lukrowaneciasteczko.pl\/index.php\/wp-json\/wp\/v2\/product_brand?post=1025"},{"taxonomy":"product_cat","embeddable":true,"href":"https:\/\/lukrowaneciasteczko.pl\/index.php\/wp-json\/wp\/v2\/product_cat?post=1025"},{"taxonomy":"product_tag","embeddable":true,"href":"https:\/\/lukrowaneciasteczko.pl\/index.php\/wp-json\/wp\/v2\/product_tag?post=1025"}],"curies":[{"name":"wp","href":"https:\/\/api.w.org\/{rel}","templated":true}]}}