{"id":1064,"date":"2023-05-02T10:00:59","date_gmt":"2023-05-02T09:00:59","guid":{"rendered":"https:\/\/lukrowaneciasteczko.pl\/?post_type=product&#038;p=1064"},"modified":"2024-04-23T18:39:34","modified_gmt":"2024-04-23T17:39:34","slug":"pierniczki-komunijne","status":"publish","type":"product","link":"https:\/\/lukrowaneciasteczko.pl\/index.php\/produkt\/pierniczki-komunijne\/","title":{"rendered":"Pierniczki Komunijne"},"content":{"rendered":"<p class=\"thin-font lead\" data-line-height=\"l\">Ciasteczka komunijne w wybranym wzorze.<\/p>\n<p data-line-height=\"l\">Ciastko zdobione jest r\u0119cznie lukrem kr\u00f3lewskim.<\/p>\n<p>Wielko\u015b\u0107 pierniczk\u00f3w oko\u0142o 10cm x 8cm, w zale\u017cno\u015bci od wzoru.<br \/>\n<strong>Minimalna ilo\u015b\u0107 zam\u00f3wienia to 15 sztuk.<br \/>\n<\/strong>Je\u015bli interesuje Ci\u0119 mniejsza ilo\u015b\u0107, napisz do mnie &#8211; sprawdz\u0119 czy jest to mo\u017cliwe.<\/p>\n<p>Pierniczek zapakowany jest w woreczek celofanowy.<br \/>\nMo\u017cliwe jest zapakowanie ciasteczka w woreczek z kokardk\u0105 ze wst\u0105\u017cki.<\/p>\n<p data-line-height=\"l\">Przy zam\u00f3wieniu powy\u017cej\u00a030 sztuk mo\u017cesz wybra\u0107 rodzaj ciasteczka:<br \/>\n&#8211; ciastko ma\u015blane,<br \/>\n&#8211; pierniczek,<br \/>\n&#8211; ciastko miodowe.<\/p>\n<p data-line-height=\"l\"><strong>Termin realizacji: do uzgodnienia.<\/strong><\/p>\n<p data-line-height=\"xs\"><span style=\"font-size: 75%;\">Sk\u0142ad ciasteczka ma\u015blanego: m\u0105ka pszenna, mas\u0142o, cukier, ekstrakt z wanilii, s\u00f3l, proszek do pieczenia.<br \/>\nSk\u0142ad pierniczka: m\u0105ka pszenna, mi\u00f3d, mas\u0142o, cukier, przyprawa do piernika, soda oczyszczona.<br \/>\nSk\u0142ad ciasteczka miodowego: m\u0105ka pszenna, mi\u00f3d, mas\u0142o, cukier, soda oczyszczona.<br \/>\n<\/span><span style=\"font-size: 75%;\">Sk\u0142ad lukru kr\u00f3lewskiego: cukier, pasteryzowane bia\u0142ka jaj kurzych, winian potasu, syrop kukurydziany, barwniki.<\/span><\/p>\n","protected":false},"excerpt":{"rendered":"<p>Ciasteczka komunijne w wybranym wzorze. Ciastko zdobione jest r\u0119cznie lukrem kr\u00f3lewskim. Wielko\u015b\u0107 pierniczk\u00f3w oko\u0142o 10cm x 8cm, w zale\u017cno\u015bci od wzoru. Minimalna ilo\u015b\u0107 zam\u00f3wienia to 15 sztuk. Je\u015bli interesuje Ci\u0119 mniejsza ilo\u015b\u0107, napisz do mnie &#8211; sprawdz\u0119 czy jest to mo\u017cliwe. Pierniczek zapakowany jest w woreczek celofanowy. Mo\u017cliwe jest zapakowanie ciasteczka w woreczek z kokardk\u0105 [&#8230;]\n","protected":false},"featured_media":1063,"template":"","meta":[],"product_brand":[],"product_cat":[53,16,35,29,33,34],"product_tag":[39,37,38,40],"class_list":{"0":"post-1064","1":"product","2":"type-product","3":"status-publish","4":"has-post-thumbnail","6":"product_cat-chrzest","7":"product_cat-ciastka","8":"product_cat-ciastka-miodowe","9":"product_cat-ciastka-piernikowe","10":"product_cat-komunia-swieta","11":"product_cat-slub","12":"product_tag-chrzest","13":"product_tag-ciastka","14":"product_tag-komunia","15":"product_tag-slub","16":"wcpa_has_options","18":"first","19":"instock","20":"shipping-taxable","21":"purchasable","22":"product-type-variable"},"jetpack_sharing_enabled":true,"_links":{"self":[{"href":"https:\/\/lukrowaneciasteczko.pl\/index.php\/wp-json\/wp\/v2\/product\/1064","targetHints":{"allow":["GET"]}}],"collection":[{"href":"https:\/\/lukrowaneciasteczko.pl\/index.php\/wp-json\/wp\/v2\/product"}],"about":[{"href":"https:\/\/lukrowaneciasteczko.pl\/index.php\/wp-json\/wp\/v2\/types\/product"}],"wp:featuredmedia":[{"embeddable":true,"href":"https:\/\/lukrowaneciasteczko.pl\/index.php\/wp-json\/wp\/v2\/media\/1063"}],"wp:attachment":[{"href":"https:\/\/lukrowaneciasteczko.pl\/index.php\/wp-json\/wp\/v2\/media?parent=1064"}],"wp:term":[{"taxonomy":"product_brand","embeddable":true,"href":"https:\/\/lukrowaneciasteczko.pl\/index.php\/wp-json\/wp\/v2\/product_brand?post=1064"},{"taxonomy":"product_cat","embeddable":true,"href":"https:\/\/lukrowaneciasteczko.pl\/index.php\/wp-json\/wp\/v2\/product_cat?post=1064"},{"taxonomy":"product_tag","embeddable":true,"href":"https:\/\/lukrowaneciasteczko.pl\/index.php\/wp-json\/wp\/v2\/product_tag?post=1064"}],"curies":[{"name":"wp","href":"https:\/\/api.w.org\/{rel}","templated":true}]}}