{"id":1119,"date":"2024-04-23T17:47:58","date_gmt":"2024-04-23T16:47:58","guid":{"rendered":"https:\/\/lukrowaneciasteczko.pl\/?post_type=product&#038;p=1119"},"modified":"2024-04-23T17:50:23","modified_gmt":"2024-04-23T16:50:23","slug":"pierniczek-babcia","status":"publish","type":"product","link":"https:\/\/lukrowaneciasteczko.pl\/index.php\/produkt\/pierniczek-babcia\/","title":{"rendered":"Pierniczek &#8211; Babcia"},"content":{"rendered":"<p class=\"thin-font lead\" data-line-height=\"l\">Pierniczek &#8211; Babcia z ozdobnym kartonikiem.<\/p>\n<p data-line-height=\"l\">Piernik zdobiony jest r\u0119cznie lukrem kr\u00f3lewskim, zapakowany w ozdobny kartonik z falbank\u0105 i kokard\u0105.<\/p>\n<p>Wymiar kartonika: 10cm x15cm<\/p>\n<p data-line-height=\"l\"><span style=\"text-decoration: underline;\"><strong>Termin wysy\u0142ki\/odbioru: 17.01.2024<\/strong><\/span><\/p>\n<p data-line-height=\"xs\"><span style=\"font-size: 75%;\"><br \/>\nSk\u0142ad pierniczka: m\u0105ka pszenna, mi\u00f3d, mas\u0142o, cukier, przyprawa do piernika, soda oczyszczona.<\/span><\/p>\n<p>&nbsp;<\/p>\n","protected":false},"excerpt":{"rendered":"<p>Pierniczek &#8211; Babcia z ozdobnym kartonikiem. Piernik zdobiony jest r\u0119cznie lukrem kr\u00f3lewskim, zapakowany w ozdobny kartonik z falbank\u0105 i kokard\u0105. Wymiar kartonika: 10cm x15cm Termin wysy\u0142ki\/odbioru: 17.01.2024 Sk\u0142ad pierniczka: m\u0105ka pszenna, mi\u00f3d, mas\u0142o, cukier, przyprawa do piernika, soda oczyszczona. &nbsp;<\/p>\n","protected":false},"featured_media":1117,"template":"","meta":[],"product_brand":[],"product_cat":[16,29,52],"product_tag":[44],"class_list":{"0":"post-1119","1":"product","2":"type-product","3":"status-publish","4":"has-post-thumbnail","6":"product_cat-ciastka","7":"product_cat-ciastka-piernikowe","8":"product_cat-dzien-babci-i-dziadka","9":"product_tag-pierniczki","10":"wcpa_has_options","12":"first","13":"outofstock","14":"shipping-taxable","15":"purchasable","16":"product-type-simple"},"jetpack_sharing_enabled":true,"_links":{"self":[{"href":"https:\/\/lukrowaneciasteczko.pl\/index.php\/wp-json\/wp\/v2\/product\/1119","targetHints":{"allow":["GET"]}}],"collection":[{"href":"https:\/\/lukrowaneciasteczko.pl\/index.php\/wp-json\/wp\/v2\/product"}],"about":[{"href":"https:\/\/lukrowaneciasteczko.pl\/index.php\/wp-json\/wp\/v2\/types\/product"}],"wp:featuredmedia":[{"embeddable":true,"href":"https:\/\/lukrowaneciasteczko.pl\/index.php\/wp-json\/wp\/v2\/media\/1117"}],"wp:attachment":[{"href":"https:\/\/lukrowaneciasteczko.pl\/index.php\/wp-json\/wp\/v2\/media?parent=1119"}],"wp:term":[{"taxonomy":"product_brand","embeddable":true,"href":"https:\/\/lukrowaneciasteczko.pl\/index.php\/wp-json\/wp\/v2\/product_brand?post=1119"},{"taxonomy":"product_cat","embeddable":true,"href":"https:\/\/lukrowaneciasteczko.pl\/index.php\/wp-json\/wp\/v2\/product_cat?post=1119"},{"taxonomy":"product_tag","embeddable":true,"href":"https:\/\/lukrowaneciasteczko.pl\/index.php\/wp-json\/wp\/v2\/product_tag?post=1119"}],"curies":[{"name":"wp","href":"https:\/\/api.w.org\/{rel}","templated":true}]}}