{"id":706,"date":"2022-06-12T16:31:36","date_gmt":"2022-06-12T15:31:36","guid":{"rendered":"https:\/\/lukrowaneciasteczko.pl\/?post_type=product&#038;p=706"},"modified":"2024-06-30T16:41:15","modified_gmt":"2024-06-30T15:41:15","slug":"toppery","status":"publish","type":"product","link":"https:\/\/lukrowaneciasteczko.pl\/index.php\/produkt\/toppery\/","title":{"rendered":"Zestaw topper\u00f3w"},"content":{"rendered":"<p class=\"thin-font lead\" data-line-height=\"l\">Zestaw 3 topper\u00f3w na tort z wybranym przez Ciebie motywem.<\/p>\n<p data-line-height=\"l\">Zestaw zawiera 2 ciastka w wybranym przez Ciebie kszta\u0142cie oraz 1 urodzinowo &#8211; ciasteczkow\u0105 cyfr\u0119.<\/p>\n<p data-line-height=\"l\">Ciasteczka zdobione s\u0105 r\u0119cznie lukrem kr\u00f3lewskim.<br \/>\nKa\u017cde posiada patyczek dzi\u0119ki kt\u00f3remu mo\u017ce by\u0107 umieszczone na torcie.<br \/>\nZapakowane osobno w woreczek celofanowy.<\/p>\n<p data-line-height=\"l\">To Ty decydujesz jakie ciasteczka b\u0119d\u0105 stworzone specjalnie dla Ciebie \ud83d\ude42 mo\u017cesz przes\u0142a\u0107 mi zdj\u0119cia swoich dekoracji\/zaprosze\u0144\/motywu przewodniego przyj\u0119cia, a ja postaram si\u0119 dopasowa\u0107 do nich ciastka \ud83d\ude42<\/p>\n<p data-line-height=\"l\">Przed z\u0142o\u017ceniem zam\u00f3wienia skontaktuj si\u0119 ze mn\u0105 aby upewni\u0107 si\u0119, \u017ce jest ono mo\u017cliwe do zrealizowania w wybranym przez Ciebie terminie.<\/p>\n<p data-line-height=\"l\"><strong>Termin realizacji: 2 &#8211; 4 tygodnie<\/strong><\/p>\n<p data-line-height=\"xs\"><span style=\"font-size: 75%;\">Sk\u0142ad ciasteczka ma\u015blanego: m\u0105ka pszenna, mas\u0142o, cukier, ekstrakt z wanilii, s\u00f3l, proszek do pieczenia. Data przydatno\u015bci: 1 miesi\u0105c<br \/>\nSk\u0142ad pierniczka: m\u0105ka pszenna, mi\u00f3d, mas\u0142o, cukier, przyprawa do piernika, soda oczyszczona. Data przydatno\u015bci: 3 miesi\u0105ce<br \/>\nSk\u0142ad ciasteczka miodowego: m\u0105ka pszenna, mi\u00f3d, mas\u0142o, cukier, soda oczyszczona. Data przydatno\u015bci: 3 miesi\u0105ce<br \/>\n<\/span><span style=\"font-size: 75%;\">Sk\u0142ad lukru kr\u00f3lewskiego: cukier, pasteryzowane bia\u0142ka jaj kurzych, winian potasu, syrop kukurydziany, barwniki<\/span><\/p>\n","protected":false},"excerpt":{"rendered":"<p>Zestaw 3 topper\u00f3w na tort z wybranym przez Ciebie motywem. Zestaw zawiera 2 ciastka w wybranym przez Ciebie kszta\u0142cie oraz 1 urodzinowo &#8211; ciasteczkow\u0105 cyfr\u0119. Ciasteczka zdobione s\u0105 r\u0119cznie lukrem kr\u00f3lewskim. Ka\u017cde posiada patyczek dzi\u0119ki kt\u00f3remu mo\u017ce by\u0107 umieszczone na torcie. Zapakowane osobno w woreczek celofanowy. To Ty decydujesz jakie ciasteczka b\u0119d\u0105 stworzone specjalnie dla [&#8230;]\n","protected":false},"featured_media":712,"template":"","meta":[],"product_brand":[],"product_cat":[16,17,35,29,33,34],"product_tag":[39,37,38,40],"class_list":{"0":"post-706","1":"product","2":"type-product","3":"status-publish","4":"has-post-thumbnail","6":"product_cat-ciastka","7":"product_cat-ciastka-maslane","8":"product_cat-ciastka-miodowe","9":"product_cat-ciastka-piernikowe","10":"product_cat-komunia-swieta","11":"product_cat-slub","12":"product_tag-chrzest","13":"product_tag-ciastka","14":"product_tag-komunia","15":"product_tag-slub","16":"wcpa_has_options","18":"first","19":"onbackorder","20":"shipping-taxable","21":"purchasable","22":"product-type-simple"},"jetpack_sharing_enabled":true,"_links":{"self":[{"href":"https:\/\/lukrowaneciasteczko.pl\/index.php\/wp-json\/wp\/v2\/product\/706","targetHints":{"allow":["GET"]}}],"collection":[{"href":"https:\/\/lukrowaneciasteczko.pl\/index.php\/wp-json\/wp\/v2\/product"}],"about":[{"href":"https:\/\/lukrowaneciasteczko.pl\/index.php\/wp-json\/wp\/v2\/types\/product"}],"wp:featuredmedia":[{"embeddable":true,"href":"https:\/\/lukrowaneciasteczko.pl\/index.php\/wp-json\/wp\/v2\/media\/712"}],"wp:attachment":[{"href":"https:\/\/lukrowaneciasteczko.pl\/index.php\/wp-json\/wp\/v2\/media?parent=706"}],"wp:term":[{"taxonomy":"product_brand","embeddable":true,"href":"https:\/\/lukrowaneciasteczko.pl\/index.php\/wp-json\/wp\/v2\/product_brand?post=706"},{"taxonomy":"product_cat","embeddable":true,"href":"https:\/\/lukrowaneciasteczko.pl\/index.php\/wp-json\/wp\/v2\/product_cat?post=706"},{"taxonomy":"product_tag","embeddable":true,"href":"https:\/\/lukrowaneciasteczko.pl\/index.php\/wp-json\/wp\/v2\/product_tag?post=706"}],"curies":[{"name":"wp","href":"https:\/\/api.w.org\/{rel}","templated":true}]}}