{"id":766,"date":"2022-08-01T14:41:46","date_gmt":"2022-08-01T13:41:46","guid":{"rendered":"https:\/\/lukrowaneciasteczko.pl\/?post_type=product&#038;p=766"},"modified":"2024-06-13T08:47:33","modified_gmt":"2024-06-13T07:47:33","slug":"zestaw-ciastek-w-pudelku","status":"publish","type":"product","link":"https:\/\/lukrowaneciasteczko.pl\/index.php\/produkt\/zestaw-ciastek-w-pudelku\/","title":{"rendered":"Zestaw ciastek w pude\u0142ku"},"content":{"rendered":"<p class=\"thin-font lead\" data-line-height=\"l\">Zestaw ciastek w pude\u0142ku<\/p>\n<p data-line-height=\"l\">3 du\u017ce ciastka zdobione r\u0119cznie lukrem kr\u00f3lewskim, zapakowane w pude\u0142ko z kokardk\u0105 ze wst\u0105\u017cki.<br \/>\nIndywidualny napis\/motyw na ciasteczkach.<br \/>\nMo\u017cliwa jest zamiana 3 du\u017cych ciastek na 4 mniejsze.<\/p>\n<p data-line-height=\"l\">Przed zakupem skontaktuj si\u0119 ze mn\u0105 w celu potwierdzenia mo\u017cliwo\u015bci realizacji.<\/p>\n<p data-line-height=\"l\"><strong>Termin realizacji: do ustalenia.<\/strong><\/p>\n<p data-line-height=\"xs\"><span style=\"font-size: 75%;\">Sk\u0142ad ciasteczka ma\u015blanego: m\u0105ka pszenna, mas\u0142o, cukier, ekstrakt z wanilii, s\u00f3l, proszek do pieczenia.<br \/>\nSk\u0142ad pierniczka: m\u0105ka pszenna, mi\u00f3d, mas\u0142o, cukier, przyprawa do piernika, soda oczyszczona.<br \/>\nSk\u0142ad ciasteczka miodowego: m\u0105ka pszenna, mi\u00f3d, mas\u0142o, cukier, soda oczyszczona.<br \/>\n<\/span><span style=\"font-size: 75%;\">Sk\u0142ad lukru kr\u00f3lewskiego: cukier, pasteryzowane bia\u0142ka jaj kurzych, winian potasu, syrop kukurydziany, barwniki.<\/span><\/p>\n","protected":false},"excerpt":{"rendered":"<p>Zestaw ciastek w pude\u0142ku 3 du\u017ce ciastka zdobione r\u0119cznie lukrem kr\u00f3lewskim, zapakowane w pude\u0142ko z kokardk\u0105 ze wst\u0105\u017cki. Indywidualny napis\/motyw na ciasteczkach. Mo\u017cliwa jest zamiana 3 du\u017cych ciastek na 4 mniejsze. Przed zakupem skontaktuj si\u0119 ze mn\u0105 w celu potwierdzenia mo\u017cliwo\u015bci realizacji. Termin realizacji: do ustalenia. Sk\u0142ad ciasteczka ma\u015blanego: m\u0105ka pszenna, mas\u0142o, cukier, ekstrakt z [&#8230;]\n","protected":false},"featured_media":765,"template":"","meta":[],"product_brand":[],"product_cat":[16,17,35,29,33,34],"product_tag":[39,37,38,40],"class_list":{"0":"post-766","1":"product","2":"type-product","3":"status-publish","4":"has-post-thumbnail","6":"product_cat-ciastka","7":"product_cat-ciastka-maslane","8":"product_cat-ciastka-miodowe","9":"product_cat-ciastka-piernikowe","10":"product_cat-komunia-swieta","11":"product_cat-slub","12":"product_tag-chrzest","13":"product_tag-ciastka","14":"product_tag-komunia","15":"product_tag-slub","16":"wcpa_has_options","18":"first","19":"onbackorder","20":"shipping-taxable","21":"purchasable","22":"product-type-simple"},"jetpack_sharing_enabled":true,"_links":{"self":[{"href":"https:\/\/lukrowaneciasteczko.pl\/index.php\/wp-json\/wp\/v2\/product\/766","targetHints":{"allow":["GET"]}}],"collection":[{"href":"https:\/\/lukrowaneciasteczko.pl\/index.php\/wp-json\/wp\/v2\/product"}],"about":[{"href":"https:\/\/lukrowaneciasteczko.pl\/index.php\/wp-json\/wp\/v2\/types\/product"}],"wp:featuredmedia":[{"embeddable":true,"href":"https:\/\/lukrowaneciasteczko.pl\/index.php\/wp-json\/wp\/v2\/media\/765"}],"wp:attachment":[{"href":"https:\/\/lukrowaneciasteczko.pl\/index.php\/wp-json\/wp\/v2\/media?parent=766"}],"wp:term":[{"taxonomy":"product_brand","embeddable":true,"href":"https:\/\/lukrowaneciasteczko.pl\/index.php\/wp-json\/wp\/v2\/product_brand?post=766"},{"taxonomy":"product_cat","embeddable":true,"href":"https:\/\/lukrowaneciasteczko.pl\/index.php\/wp-json\/wp\/v2\/product_cat?post=766"},{"taxonomy":"product_tag","embeddable":true,"href":"https:\/\/lukrowaneciasteczko.pl\/index.php\/wp-json\/wp\/v2\/product_tag?post=766"}],"curies":[{"name":"wp","href":"https:\/\/api.w.org\/{rel}","templated":true}]}}