{"id":777,"date":"2022-08-18T12:52:58","date_gmt":"2022-08-18T11:52:58","guid":{"rendered":"https:\/\/lukrowaneciasteczko.pl\/?post_type=product&#038;p=777"},"modified":"2024-04-23T17:56:52","modified_gmt":"2024-04-23T16:56:52","slug":"zamowienie-indywidualne","status":"publish","type":"product","link":"https:\/\/lukrowaneciasteczko.pl\/index.php\/produkt\/zamowienie-indywidualne\/","title":{"rendered":"Zam\u00f3wienie indywidualne"},"content":{"rendered":"<p class=\"thin-font lead\" data-line-height=\"l\">Zestaw ciastek z wybranym przez Ciebie motywem.<\/p>\n<p data-line-height=\"l\">To Ty decydujesz jakie ciasteczka b\u0119d\u0105 stworzone specjalnie dla Ciebie \ud83d\ude42 mo\u017cesz przes\u0142a\u0107 mi zdj\u0119cia swoich dekoracji\/zaprosze\u0144\/motywu przewodniego przyj\u0119cia, a ja postaram si\u0119 dopasowa\u0107 do nich ciastka \ud83d\ude42<\/p>\n<p data-line-height=\"l\">Ciasteczka ma\u015blane zdobione s\u0105 r\u0119cznie lukrem kr\u00f3lewskim. Ka\u017cde zapakowane jest osobno w woreczek celofanowy.<br \/>\nMinimalna ilo\u015b\u0107 zam\u00f3wienia to 15 sztuk.<br \/>\nMaksymalna ilo\u015b\u0107 kszta\u0142t\u00f3w\/wzor\u00f3w w jednym zam\u00f3wieniu: 3.<br \/>\nIlo\u015b\u0107 wykonanych wzor\u00f3w wzrasta wraz z ilo\u015bci\u0105 ciasteczek.<br \/>\nWszystkie ciastka wykonane b\u0119d\u0105 w tej samej tonacji kolorystycznej.<br \/>\nPowy\u017cej 30 sztuk istnieje mo\u017cliwo\u015b\u0107 zamiany ciastka ma\u015blanego na pierniczek.<\/p>\n<p data-line-height=\"l\">Na \u017cyczenie ciasteczka mog\u0105 by\u0107 zapakowane w woreczek z kokard\u0105 ze wst\u0105\u017cki (+1z\u0142\/szt)<\/p>\n<p data-line-height=\"l\">Przed z\u0142o\u017ceniem zam\u00f3wienia skontaktuj si\u0119 ze mn\u0105 aby upewni\u0107 si\u0119, \u017ce jest ono mo\u017cliwe do zrealizowania w wybranym przez Ciebie terminie.<\/p>\n<p data-line-height=\"l\"><strong>Termin realizacji: 2 &#8211; 4 tygodnie<\/strong><\/p>\n<p data-line-height=\"xs\"><span style=\"font-size: 75%;\">Sk\u0142ad ciasteczka ma\u015blanego: m\u0105ka pszenna, mas\u0142o, cukier, ekstrakt z wanilii, s\u00f3l, proszek do pieczenia. Data przydatno\u015bci: 1 miesi\u0105c<br \/>\nSk\u0142ad pierniczka: m\u0105ka pszenna, mi\u00f3d, mas\u0142o, cukier, przyprawa do piernika, kakao, soda oczyszczona. Data przydatno\u015bci: 3 miesi\u0105ce<br \/>\nSk\u0142ad ciasteczka miodowego: m\u0105ka pszenna, mi\u00f3d, mas\u0142o, cukier, soda oczyszczona. Data przydatno\u015bci: 3 miesi\u0105ce<br \/>\n<\/span><span style=\"font-size: 75%;\">Sk\u0142ad lukru kr\u00f3lewskiego: cukier, pasteryzowane bia\u0142ka jaj kurzych, winian potasu, syrop kukurydziany, barwniki<\/span><\/p>\n","protected":false},"excerpt":{"rendered":"<p>Zestaw ciastek z wybranym przez Ciebie motywem. To Ty decydujesz jakie ciasteczka b\u0119d\u0105 stworzone specjalnie dla Ciebie \ud83d\ude42 mo\u017cesz przes\u0142a\u0107 mi zdj\u0119cia swoich dekoracji\/zaprosze\u0144\/motywu przewodniego przyj\u0119cia, a ja postaram si\u0119 dopasowa\u0107 do nich ciastka \ud83d\ude42 Ciasteczka ma\u015blane zdobione s\u0105 r\u0119cznie lukrem kr\u00f3lewskim. Ka\u017cde zapakowane jest osobno w woreczek celofanowy. Minimalna ilo\u015b\u0107 zam\u00f3wienia to 15 sztuk. [&#8230;]\n","protected":false},"featured_media":787,"template":"","meta":[],"product_brand":[],"product_cat":[16,17,35,29,33,34],"product_tag":[39,37,38,40],"class_list":{"0":"post-777","1":"product","2":"type-product","3":"status-publish","4":"has-post-thumbnail","6":"product_cat-ciastka","7":"product_cat-ciastka-maslane","8":"product_cat-ciastka-miodowe","9":"product_cat-ciastka-piernikowe","10":"product_cat-komunia-swieta","11":"product_cat-slub","12":"product_tag-chrzest","13":"product_tag-ciastka","14":"product_tag-komunia","15":"product_tag-slub","16":"wcpa_has_options","18":"first","19":"instock","20":"featured","21":"shipping-taxable","22":"purchasable","23":"product-type-variable","24":"has-default-attributes"},"jetpack_sharing_enabled":true,"_links":{"self":[{"href":"https:\/\/lukrowaneciasteczko.pl\/index.php\/wp-json\/wp\/v2\/product\/777","targetHints":{"allow":["GET"]}}],"collection":[{"href":"https:\/\/lukrowaneciasteczko.pl\/index.php\/wp-json\/wp\/v2\/product"}],"about":[{"href":"https:\/\/lukrowaneciasteczko.pl\/index.php\/wp-json\/wp\/v2\/types\/product"}],"wp:featuredmedia":[{"embeddable":true,"href":"https:\/\/lukrowaneciasteczko.pl\/index.php\/wp-json\/wp\/v2\/media\/787"}],"wp:attachment":[{"href":"https:\/\/lukrowaneciasteczko.pl\/index.php\/wp-json\/wp\/v2\/media?parent=777"}],"wp:term":[{"taxonomy":"product_brand","embeddable":true,"href":"https:\/\/lukrowaneciasteczko.pl\/index.php\/wp-json\/wp\/v2\/product_brand?post=777"},{"taxonomy":"product_cat","embeddable":true,"href":"https:\/\/lukrowaneciasteczko.pl\/index.php\/wp-json\/wp\/v2\/product_cat?post=777"},{"taxonomy":"product_tag","embeddable":true,"href":"https:\/\/lukrowaneciasteczko.pl\/index.php\/wp-json\/wp\/v2\/product_tag?post=777"}],"curies":[{"name":"wp","href":"https:\/\/api.w.org\/{rel}","templated":true}]}}