{"id":802,"date":"2022-08-25T13:21:50","date_gmt":"2022-08-25T12:21:50","guid":{"rendered":"https:\/\/lukrowaneciasteczko.pl\/?post_type=product&#038;p=802"},"modified":"2022-11-27T20:27:52","modified_gmt":"2022-11-27T19:27:52","slug":"jabluszko-z-napisem","status":"publish","type":"product","link":"https:\/\/lukrowaneciasteczko.pl\/index.php\/produkt\/jabluszko-z-napisem\/","title":{"rendered":"Jab\u0142uszko z napisem"},"content":{"rendered":"<p class=\"thin-font lead\" data-line-height=\"l\">Lukrowany pierniczek Jab\u0142uszko z napisem.<\/p>\n<p data-line-height=\"l\">Ciasteczko zdobione jest r\u0119cznie lukrem kr\u00f3lewskim oraz malowane aerografem.<br \/>\nNa jab\u0142uszku mo\u017cliwe jest umieszczenie kr\u00f3tkiego napisu\/imienia.<br \/>\nWielko\u015b\u0107 ciasteczka: oko\u0142o 9,5cm x 9,5cm<\/p>\n<p>Ciasteczko zapakowane jest w woreczek celofanowy z zielon\u0105 kokardk\u0105 ze wst\u0105\u017cki lub ozdobne pude\u0142ko.<\/p>\n<p data-line-height=\"l\"><span style=\"text-decoration: underline;\"><strong>Termin odbioru\/wysy\u0142ki: 11-13.10.2022<\/strong><\/span><\/p>\n<p data-line-height=\"xs\"><span style=\"font-size: 75%;\">Sk\u0142ad ciasteczka ma\u015blanego: m\u0105ka pszenna, mas\u0142o, cukier, ekstrakt z wanilii, s\u00f3l, proszek do pieczenia.<br \/>\nSk\u0142ad pierniczka: m\u0105ka pszenna, mi\u00f3d, mas\u0142o, cukier, przyprawa do piernika, soda oczyszczona.<br \/>\nSk\u0142ad ciasteczka miodowego: m\u0105ka pszenna, mi\u00f3d, mas\u0142o, cukier, soda oczyszczona.<br \/>\n<\/span><span style=\"font-size: 75%;\">Sk\u0142ad lukru kr\u00f3lewskiego: cukier, pasteryzowane bia\u0142ka jaj kurzych, winian potasu, syrop kukurydziany, barwniki.<\/span><\/p>\n","protected":false},"excerpt":{"rendered":"<p>Lukrowany pierniczek Jab\u0142uszko z napisem. Ciasteczko zdobione jest r\u0119cznie lukrem kr\u00f3lewskim oraz malowane aerografem. Na jab\u0142uszku mo\u017cliwe jest umieszczenie kr\u00f3tkiego napisu\/imienia. Wielko\u015b\u0107 ciasteczka: oko\u0142o 9,5cm x 9,5cm Ciasteczko zapakowane jest w woreczek celofanowy z zielon\u0105 kokardk\u0105 ze wst\u0105\u017cki lub ozdobne pude\u0142ko. Termin odbioru\/wysy\u0142ki: 11-13.10.2022 Sk\u0142ad ciasteczka ma\u015blanego: m\u0105ka pszenna, mas\u0142o, cukier, ekstrakt z wanilii, s\u00f3l, [&#8230;]\n","protected":false},"featured_media":809,"template":"","meta":[],"product_brand":[],"product_cat":[16,17,41],"product_tag":[37,48],"class_list":{"0":"post-802","1":"product","2":"type-product","3":"status-publish","4":"has-post-thumbnail","6":"product_cat-ciastka","7":"product_cat-ciastka-maslane","8":"product_cat-wielkanoc","9":"product_tag-ciastka","10":"product_tag-zakonczenie-roku","11":"wcpa_has_options","13":"first","14":"outofstock","15":"shipping-taxable","16":"purchasable","17":"product-type-variable","18":"has-default-attributes"},"jetpack_sharing_enabled":true,"_links":{"self":[{"href":"https:\/\/lukrowaneciasteczko.pl\/index.php\/wp-json\/wp\/v2\/product\/802","targetHints":{"allow":["GET"]}}],"collection":[{"href":"https:\/\/lukrowaneciasteczko.pl\/index.php\/wp-json\/wp\/v2\/product"}],"about":[{"href":"https:\/\/lukrowaneciasteczko.pl\/index.php\/wp-json\/wp\/v2\/types\/product"}],"wp:featuredmedia":[{"embeddable":true,"href":"https:\/\/lukrowaneciasteczko.pl\/index.php\/wp-json\/wp\/v2\/media\/809"}],"wp:attachment":[{"href":"https:\/\/lukrowaneciasteczko.pl\/index.php\/wp-json\/wp\/v2\/media?parent=802"}],"wp:term":[{"taxonomy":"product_brand","embeddable":true,"href":"https:\/\/lukrowaneciasteczko.pl\/index.php\/wp-json\/wp\/v2\/product_brand?post=802"},{"taxonomy":"product_cat","embeddable":true,"href":"https:\/\/lukrowaneciasteczko.pl\/index.php\/wp-json\/wp\/v2\/product_cat?post=802"},{"taxonomy":"product_tag","embeddable":true,"href":"https:\/\/lukrowaneciasteczko.pl\/index.php\/wp-json\/wp\/v2\/product_tag?post=802"}],"curies":[{"name":"wp","href":"https:\/\/api.w.org\/{rel}","templated":true}]}}